{"id":124,"date":"2006-05-09T09:32:49","date_gmt":"2006-05-09T08:32:49","guid":{"rendered":"http:\/\/arf1.de\/wordpress\/?page_id=124"},"modified":"2009-08-14T18:09:14","modified_gmt":"2009-08-14T16:09:14","slug":"password-protected-posts","status":"publish","type":"page","link":"https:\/\/arf1.de\/wordpress\/?page_id=124","title":{"rendered":"Protected posts?"},"content":{"rendered":"<p>Einige der Eintr\u00c3\u00a4ge und Bildergallerien sind mit einem Passwort versehen, z.B. um ein gewisses Ma\u00c3\u0178 an Privatssph\u00c3\u00a4re zu sichern. Wenn Du mich kennst, kannst Du mir nat\u00c3\u00bcrlich eine E-Mail schicken und nach dem Passwort fragen.<\/p>\n<p><em>Some of the posts and galleries are protected with a password, e.g. in order to maintain a certain level of privacy. Of course, if you know me you can email me and ask for the password.<\/em><\/p>\n","protected":false},"excerpt":{"rendered":"<p>Einige der Eintr\u00c3\u00a4ge und Bildergallerien sind mit einem Passwort versehen, z.B. um ein gewisses Ma\u00c3\u0178 an Privatssph\u00c3\u00a4re zu sichern. Wenn Du mich kennst, kannst Du mir nat\u00c3\u00bcrlich eine E-Mail schicken und nach dem Passwort fragen. Some of the posts and galleries are protected with a password, e.g. in order to maintain a certain level of [&hellip;]<\/p>\n","protected":false},"author":1,"featured_media":0,"parent":0,"menu_order":1,"comment_status":"open","ping_status":"open","template":"","meta":{"ngg_post_thumbnail":0,"footnotes":""},"class_list":["post-124","page","type-page","status-publish","hentry"],"_links":{"self":[{"href":"https:\/\/arf1.de\/wordpress\/index.php?rest_route=\/wp\/v2\/pages\/124","targetHints":{"allow":["GET"]}}],"collection":[{"href":"https:\/\/arf1.de\/wordpress\/index.php?rest_route=\/wp\/v2\/pages"}],"about":[{"href":"https:\/\/arf1.de\/wordpress\/index.php?rest_route=\/wp\/v2\/types\/page"}],"author":[{"embeddable":true,"href":"https:\/\/arf1.de\/wordpress\/index.php?rest_route=\/wp\/v2\/users\/1"}],"replies":[{"embeddable":true,"href":"https:\/\/arf1.de\/wordpress\/index.php?rest_route=%2Fwp%2Fv2%2Fcomments&post=124"}],"version-history":[{"count":2,"href":"https:\/\/arf1.de\/wordpress\/index.php?rest_route=\/wp\/v2\/pages\/124\/revisions"}],"predecessor-version":[{"id":1398,"href":"https:\/\/arf1.de\/wordpress\/index.php?rest_route=\/wp\/v2\/pages\/124\/revisions\/1398"}],"wp:attachment":[{"href":"https:\/\/arf1.de\/wordpress\/index.php?rest_route=%2Fwp%2Fv2%2Fmedia&parent=124"}],"curies":[{"name":"wp","href":"https:\/\/api.w.org\/{rel}","templated":true}]}}